{"id":128,"date":"2020-02-20T10:40:59","date_gmt":"2020-02-20T11:40:59","guid":{"rendered":"http:\/\/adsli.com\/demo\/prodigo\/?page_id=128"},"modified":"2020-05-07T11:30:07","modified_gmt":"2020-05-07T09:30:07","slug":"about-switzerland","status":"publish","type":"page","link":"https:\/\/prodigo.ch\/de\/about-switzerland\/","title":{"rendered":"\u00fcber die Schweiz"},"content":{"rendered":"<p><\/p>\n<p style=\"text-align: justify;\">Die Schweiz liegt im Herzen Europas und ist nicht Mitglied in der Europ\u00e4ischen Union. Sie ist von ihrer Gr\u00f6\u00dfe her ein kleines Land, das dennoch viele Vorteile bietet. Ob aus wirtschaftlicher, politischer, kultureller oder wissenschaftlicher Sicht, die Schweiz hat viele St\u00e4rken.<!--more--> Prodigo unterst\u00fctzt Sie dabei, sich hier zu etablieren.<\/p>\n<p style=\"text-align: justify;\"><span style=\"text-decoration: underline;\">Wirtschaft<\/span><\/p>\n<p style=\"text-align: justify;\">Die liberale Wirtschaftsordnung der Schweiz bietet ein Umfeld, das der Gesch\u00e4ftsentwicklung f\u00f6rderlich ist. Das Land f\u00fchrt regelm\u00e4ssig internationale Ranglisten an, wenn es um Wettbewerbsf\u00e4higkeit geht. Die Einfachheit der Verwaltungsverfahren im internationalen Vergleich ist ein grosses Plus. Der Steuersatz f\u00fcr Gewinne ist einer der niedrigsten der Welt.<\/p>\n<p style=\"text-align: justify;\"><span style=\"text-decoration: underline;\">Politik<\/span><\/p>\n<p style=\"text-align: justify;\">Die Schweiz kennt das System der direkten Demokratie, bei welchem die Stimmberechtigten regelm\u00e4\u00dfig durch Referenden und Initiativen aktiv in die Ausgestaltung wichtiger Gesetzesvorlagen und Verfassungs\u00e4nderungen einbezogen sind. Die meisten der getroffenen Entscheidungen basieren auf Dialog und Konsens. Daraus resultiert ein sozialer Frieden, welcher den Erfolg des Schweizer Modells m\u00f6glich macht.<\/p>\n<p style=\"text-align: justify;\">Aufgrund einem grossz\u00fcgig ausgelegten f\u00f6deralistischen Staatsaufbau haben die Kantone weitreichende Kompetenzen, Gesetze und Verordnungen zu erlassen sofern sie nicht Bundesrecht unterlaufen. Dies f\u00fchrt bisweilen zu erheblichen regionalen Unterschieden, die sich auf Ihre Unternehmenst\u00e4tigkeit auswirken k\u00f6nnen.<\/p>\n<p style=\"text-align: justify;\"><span style=\"text-decoration: underline;\">Wissenschaftliche Forschung<\/span><\/p>\n<p style=\"text-align: justify;\">Mit Kompetenzzentren wie den Eidgen\u00f6ssischen Technischen Hochschulen Z\u00fcrich (ETHZ) und Lausanne (EPFZ) ist die Schweiz der unbestrittene Weltmeister der Innovation. Seit 2011 steht sie an erster Stelle im globalen Innovationsindex der Weltorganisation f\u00fcr geistigen Schutz (WIPO). Diese Innovationskultur ist in der ganzen Schweiz pr\u00e4sent und spiegelt sich in der Pr\u00e4senz von Flaggschiff-Unternehmen in fortschrittlichen Branchen wie Pr\u00e4zisionsmechanik, Nanotechnologie, Pharmaindustrie und Biotechnologie wider.<\/p>\n<p style=\"text-align: justify;\"><span style=\"text-decoration: underline;\">Kultur<\/span><\/p>\n<p style=\"text-align: justify;\">4 Landessprachen und 26 Kantone tragen zur Vielfalt der Kultur bei. Jeder Kanton pflegt seine Traditionen und Besonderheiten und dies beeinflusst Art und Weise der Gesch\u00e4ftst\u00e4tigkeit.<\/p>\n<p><\/p>","protected":false},"excerpt":{"rendered":"<p>Leider ist der Eintrag nur auf EN verf\u00fcgbar.<\/p>\n","protected":false},"author":1,"featured_media":212,"parent":0,"menu_order":0,"comment_status":"closed","ping_status":"closed","template":"PT_Aboutswitzerland.php","meta":{"footnotes":""},"class_list":["post-128","page","type-page","status-publish","has-post-thumbnail","hentry"],"yoast_head":"<!-- This site is optimized with the Yoast SEO plugin v14.1 - https:\/\/yoast.com\/wordpress\/plugins\/seo\/ -->\n<title>\u00fcber die Schweiz - Prodigo<\/title>\n<meta name=\"description\" content=\"Anchored in the heart of Europe without being part of the European Union, Switzerland is a small country in size, but it has many advantages.\" \/>\n<meta name=\"robots\" content=\"index, follow\" \/>\n<meta name=\"googlebot\" content=\"index, follow, max-snippet:-1, max-image-preview:large, max-video-preview:-1\" \/>\n<meta name=\"bingbot\" content=\"index, follow, max-snippet:-1, max-image-preview:large, max-video-preview:-1\" \/>\n<link rel=\"canonical\" href=\"https:\/\/prodigo.ch\/it\/about-switzerland\/\" \/>\n<meta property=\"og:locale\" content=\"de_DE\" \/>\n<meta property=\"og:type\" content=\"article\" \/>\n<meta property=\"og:title\" content=\"[:en]About Switzerland[:de]\u00fcber die Schweiz[:fr]Sur la Suisse[:nl]Over Zwitserland[:it]Sulla Svizzera[:] - Prodigo\" \/>\n<meta property=\"og:description\" content=\"Anchored in the heart of Europe without being part of the European Union, Switzerland is a small country in size, but it has many advantages.\" \/>\n<meta property=\"og:url\" content=\"https:\/\/prodigo.ch\/it\/about-switzerland\/\" \/>\n<meta property=\"og:site_name\" content=\"Prodigo\" \/>\n<meta property=\"article:modified_time\" content=\"2020-05-07T09:30:07+00:00\" \/>\n<meta property=\"og:image\" content=\"https:\/\/prodigo.ch\/wp-content\/uploads\/2020\/02\/Prodigo-blanc-entour\u00e9.png\" \/>\n\t<meta property=\"og:image:width\" content=\"1308\" \/>\n\t<meta property=\"og:image:height\" content=\"1308\" \/>\n<meta name=\"twitter:card\" content=\"summary_large_image\" \/>\n<script type=\"application\/ld+json\" class=\"yoast-schema-graph\">{\"@context\":\"https:\/\/schema.org\",\"@graph\":[{\"@type\":\"Organization\",\"@id\":\"https:\/\/prodigo.ch\/de\/#organization\",\"name\":\"Prodigo\",\"url\":\"https:\/\/prodigo.ch\/de\/\",\"sameAs\":[\"https:\/\/www.linkedin.com\/company\/37058592\"],\"logo\":{\"@type\":\"ImageObject\",\"@id\":\"https:\/\/prodigo.ch\/de\/#logo\",\"inLanguage\":\"de\",\"url\":\"https:\/\/prodigo.ch\/wp-content\/uploads\/2020\/02\/cropped-PRODIGO_monogramme_negatif_RVB-1.png\",\"width\":512,\"height\":512,\"caption\":\"Prodigo\"},\"image\":{\"@id\":\"https:\/\/prodigo.ch\/de\/#logo\"}},{\"@type\":\"WebSite\",\"@id\":\"https:\/\/prodigo.ch\/de\/#website\",\"url\":\"https:\/\/prodigo.ch\/de\/\",\"name\":\"Prodigo\",\"description\":\"Your Business strategy partner on the Swiss market\",\"publisher\":{\"@id\":\"https:\/\/prodigo.ch\/de\/#organization\"},\"potentialAction\":[{\"@type\":\"SearchAction\",\"target\":\"https:\/\/prodigo.ch\/de\/?s={search_term_string}\",\"query-input\":\"required name=search_term_string\"}],\"inLanguage\":\"de\"},{\"@type\":\"ImageObject\",\"@id\":\"https:\/\/prodigo.ch\/it\/about-switzerland\/#primaryimage\",\"inLanguage\":\"de\",\"url\":\"https:\/\/prodigo.ch\/wp-content\/uploads\/2020\/02\/Prodigo-blanc-entour\\u00e9.png\",\"width\":1308,\"height\":1308},{\"@type\":\"WebPage\",\"@id\":\"https:\/\/prodigo.ch\/it\/about-switzerland\/#webpage\",\"url\":\"https:\/\/prodigo.ch\/it\/about-switzerland\/\",\"name\":\"[:en]About Switzerland[:de]\\u00fcber die Schweiz[:fr]Sur la Suisse[:nl]Over Zwitserland[:it]Sulla Svizzera[:] - Prodigo\",\"isPartOf\":{\"@id\":\"https:\/\/prodigo.ch\/de\/#website\"},\"primaryImageOfPage\":{\"@id\":\"https:\/\/prodigo.ch\/it\/about-switzerland\/#primaryimage\"},\"datePublished\":\"2020-02-20T11:40:59+00:00\",\"dateModified\":\"2020-05-07T09:30:07+00:00\",\"description\":\"Anchored in the heart of Europe without being part of the European Union, Switzerland is a small country in size, but it has many advantages.\",\"inLanguage\":\"de\",\"potentialAction\":[{\"@type\":\"ReadAction\",\"target\":[\"https:\/\/prodigo.ch\/it\/about-switzerland\/\"]}]}]}<\/script>\n<!-- \/ Yoast SEO plugin. -->","_links":{"self":[{"href":"https:\/\/prodigo.ch\/de\/wp-json\/wp\/v2\/pages\/128","targetHints":{"allow":["GET"]}}],"collection":[{"href":"https:\/\/prodigo.ch\/de\/wp-json\/wp\/v2\/pages"}],"about":[{"href":"https:\/\/prodigo.ch\/de\/wp-json\/wp\/v2\/types\/page"}],"author":[{"embeddable":true,"href":"https:\/\/prodigo.ch\/de\/wp-json\/wp\/v2\/users\/1"}],"replies":[{"embeddable":true,"href":"https:\/\/prodigo.ch\/de\/wp-json\/wp\/v2\/comments?post=128"}],"version-history":[{"count":20,"href":"https:\/\/prodigo.ch\/de\/wp-json\/wp\/v2\/pages\/128\/revisions"}],"predecessor-version":[{"id":29082,"href":"https:\/\/prodigo.ch\/de\/wp-json\/wp\/v2\/pages\/128\/revisions\/29082"}],"wp:featuredmedia":[{"embeddable":true,"href":"https:\/\/prodigo.ch\/de\/wp-json\/wp\/v2\/media\/212"}],"wp:attachment":[{"href":"https:\/\/prodigo.ch\/de\/wp-json\/wp\/v2\/media?parent=128"}],"curies":[{"name":"wp","href":"https:\/\/api.w.org\/{rel}","templated":true}]}}