{"id":46,"date":"2020-02-15T05:28:05","date_gmt":"2020-02-15T05:28:05","guid":{"rendered":"http:\/\/adsli.com\/demo\/prodigo\/?page_id=46"},"modified":"2025-06-23T10:34:21","modified_gmt":"2025-06-23T08:34:21","slug":"about-us","status":"publish","type":"page","link":"https:\/\/prodigo.ch\/de\/about-us\/","title":{"rendered":"\u00fcber uns"},"content":{"rendered":"<p><\/p>\n<p style=\"text-align: justify;\">Prodigo ist ein Beratungsunternehmen, welches die Entwicklung Ihres Gesch\u00e4fts auf dem Schweizer Markt unterst\u00fctzt. Wir bieten Marktinformationen (Marktstudie, Studienreise, Analyse der gesetzlichen und regulatorischen Anforderungen f\u00fcr den Schweizer Markt), strategische Kontakte (\u00fcber ein personalisiertes Kontaktprogramm) und Unterst\u00fctzung vor Ort (Vertretung in Steuerangelegenheiten) oder Logistik (Organisation von Veranstaltungen, Unterst\u00fctzung bei der Teilnahme an Messen).<!--more--><\/p>\n<p style=\"text-align: justify;\">Das Potenzial des Schweizer Marktes bietet ausl\u00e4ndischen Unternehmen viele Gesch\u00e4ftsm\u00f6glichkeiten, es gibt jedoch einige tarif\u00e4re und nichttarif\u00e4re Hemmnisse, die zu bew\u00e4ltigen sind. Zum Beispiel die hohen Anforderungen an die Qualit\u00e4t und Innovation, kulturelle und sprachliche Unterschiede sowie spezifische Regeln zu bestimmten Produkten oder Dienstleistungen.<\/p>\n<p style=\"text-align: center;\">Prodigo ist f\u00fcr Sie da um Sie in Ihren administrativen und strategischen Abl\u00e4ufen zu unterst\u00fctzen!<\/p>\n<p style=\"text-align: justify;\">Als Ihr lokaler Partner unterst\u00fctzt Sie Prodigo bei der Definition aller Ihrer Dienstleistungen.<\/p>\n<p style=\"text-align: justify;\">Unsere Beratungskompetenzen konzentrieren sich auf Branchen mit hoher Wertsch\u00f6pfung, wie Lebensmittel und Getr\u00e4nke, Mode und Lifestyle, Produkte und Dienstleistungen f\u00fcr f\u00fchrende Branchen (Pharma, Chemie, Feinmechanik) oder nachhaltige L\u00f6sungen (erneuerbare Energien, Materialien).<\/p>\n<p style=\"text-align: justify;\">Von unseren B\u00fcros in Z\u00fcrich und Neuenburg wickeln wir Gesch\u00e4fte f\u00fcr die ganze Schweiz ab.\u00a0 Dank unserer langj\u00e4hrigen Erfahrung kennen wir uns im Bereich Import und Export bestens aus.<\/p>\n<p style=\"text-align: center;\"><a href=\"https:\/\/prodigo.ch\/wp-content\/uploads\/2020\/09\/Flyer-Prodigo-DE.pdf\">Flyer Prodigo DE<\/a><\/p>\n<p style=\"text-align: justify;\">Prodigo hat nicht nur in der Schweiz, sondern auch in vielen europ\u00e4ischen L\u00e4ndern ein umfassendes Netzwerk privater und \u00f6ffentlicher Wirtschaftsakteure aufgebaut. Wir haben Business- Webinare organisiert in Slowenien (mit der <a href=\"https:\/\/eng.gzs.si\/\" target=\"_blank\" rel=\"noopener\">Chamber of Commerce and Industry of Slovenia<\/a>), Litauen (mit der <a href=\"https:\/\/chamber.lt\/en\/\" target=\"_blank\" rel=\"noopener\">Kaunas Chamber of Commerce, Industry and Crafts<\/a>), Estland (mit der <a href=\"https:\/\/www.koda.ee\/en\" target=\"_blank\" rel=\"noopener\">Estonian Chamber of Commerce and Industry<\/a>), Norwegen (mit der <a href=\"https:\/\/chamber.no\/\" target=\"_blank\" rel=\"noopener\">Oslo Chamber of Commerce<\/a>), Finnland (mit der <a href=\"https:\/\/handelskammer-fin.ch\/\" target=\"_blank\" rel=\"noopener\">Chamber of Commerce Finland-Switzerland<\/a>), in der Slowakei (mit der <a href=\"https:\/\/www.sario.sk\/en\" target=\"_blank\" rel=\"noopener\">lovak Investment and Trade Development Agency SARIO<\/a>), im Vereinigten K\u00f6nigreich (zusammen mit <a href=\"https:\/\/goexporting.com\/\" target=\"_blank\" rel=\"noopener\">Go Exporting Ltd<\/a>), mit Kroatien (mit der <a href=\"https:\/\/investincroatia.hr\/\" target=\"_blank\" rel=\"noopener\">Croatian Chamber of Economy<\/a>) \u00a0und in Belgien (bei den VOKA-Handelskammern in <a href=\"https:\/\/www.voka.be\/oost-vlaanderen\" target=\"_blank\" rel=\"noopener\">Gent<\/a>, in <a href=\"https:\/\/www.voka.be\/mechelen-kempen\" target=\"_blank\" rel=\"noopener\">Geel<\/a> und in <a href=\"https:\/\/www.voka.be\/west-vlaanderen\" target=\"_blank\" rel=\"noopener\">Br\u00fcgge<\/a>).<\/p>\n<p style=\"text-align: justify;\">Prodigo ist auch stolz darauf, Mitglied und Partner des folgenden Vereins zu sein:<\/p>\n<p><a href=\"https:\/\/cee.swiss\/\" target=\"_blank\" rel=\"noopener\"><img loading=\"lazy\" decoding=\"async\" class=\"alignnone wp-image-29425 \" src=\"https:\/\/prodigo.ch\/wp-content\/uploads\/2022\/02\/SEC-1024x154.jpg\" alt=\"\" width=\"540\" height=\"81\" srcset=\"https:\/\/prodigo.ch\/wp-content\/uploads\/2022\/02\/SEC-1024x154.jpg 1024w, https:\/\/prodigo.ch\/wp-content\/uploads\/2022\/02\/SEC-300x45.jpg 300w, https:\/\/prodigo.ch\/wp-content\/uploads\/2022\/02\/SEC-768x115.jpg 768w, https:\/\/prodigo.ch\/wp-content\/uploads\/2022\/02\/SEC-1536x231.jpg 1536w, https:\/\/prodigo.ch\/wp-content\/uploads\/2022\/02\/SEC-2048x308.jpg 2048w\" sizes=\"auto, (max-width: 540px) 100vw, 540px\" \/><\/a><\/p>","protected":false},"excerpt":{"rendered":"<p>Leider ist der Eintrag nur auf EN verf\u00fcgbar.<\/p>\n","protected":false},"author":1,"featured_media":29401,"parent":0,"menu_order":0,"comment_status":"closed","ping_status":"closed","template":"PT_About.php","meta":{"footnotes":""},"class_list":["post-46","page","type-page","status-publish","has-post-thumbnail","hentry"],"yoast_head":"<!-- This site is optimized with the Yoast SEO plugin v14.1 - https:\/\/yoast.com\/wordpress\/plugins\/seo\/ -->\n<title>\u00fcber uns - Prodigo<\/title>\n<meta name=\"robots\" content=\"index, follow\" \/>\n<meta name=\"googlebot\" content=\"index, follow, max-snippet:-1, max-image-preview:large, max-video-preview:-1\" \/>\n<meta name=\"bingbot\" content=\"index, follow, max-snippet:-1, max-image-preview:large, max-video-preview:-1\" \/>\n<link rel=\"canonical\" href=\"https:\/\/prodigo.ch\/about-us\/\" \/>\n<meta property=\"og:locale\" content=\"de_DE\" \/>\n<meta property=\"og:type\" content=\"article\" \/>\n<meta property=\"og:title\" content=\"[:en]About us[:de]\u00fcber uns[:fr]\u00e0 propos[:nl]Over Ons[:it]Su Prodigo[:] - Prodigo\" \/>\n<meta property=\"og:description\" content=\"Leider ist der Eintrag nur auf EN verf\u00fcgbar.\" \/>\n<meta property=\"og:url\" content=\"https:\/\/prodigo.ch\/about-us\/\" \/>\n<meta property=\"og:site_name\" content=\"Prodigo\" \/>\n<meta property=\"article:modified_time\" content=\"2025-06-23T08:34:21+00:00\" \/>\n<meta property=\"og:image\" content=\"https:\/\/prodigo.ch\/wp-content\/uploads\/2021\/07\/about.png\" \/>\n\t<meta property=\"og:image:width\" content=\"488\" \/>\n\t<meta property=\"og:image:height\" content=\"488\" \/>\n<meta name=\"twitter:card\" content=\"summary_large_image\" \/>\n<script type=\"application\/ld+json\" class=\"yoast-schema-graph\">{\"@context\":\"https:\/\/schema.org\",\"@graph\":[{\"@type\":\"Organization\",\"@id\":\"https:\/\/prodigo.ch\/de\/#organization\",\"name\":\"Prodigo\",\"url\":\"https:\/\/prodigo.ch\/de\/\",\"sameAs\":[\"https:\/\/www.linkedin.com\/company\/37058592\"],\"logo\":{\"@type\":\"ImageObject\",\"@id\":\"https:\/\/prodigo.ch\/de\/#logo\",\"inLanguage\":\"de\",\"url\":\"https:\/\/prodigo.ch\/wp-content\/uploads\/2020\/02\/cropped-PRODIGO_monogramme_negatif_RVB-1.png\",\"width\":512,\"height\":512,\"caption\":\"Prodigo\"},\"image\":{\"@id\":\"https:\/\/prodigo.ch\/de\/#logo\"}},{\"@type\":\"WebSite\",\"@id\":\"https:\/\/prodigo.ch\/de\/#website\",\"url\":\"https:\/\/prodigo.ch\/de\/\",\"name\":\"Prodigo\",\"description\":\"Your Business strategy partner on the Swiss market\",\"publisher\":{\"@id\":\"https:\/\/prodigo.ch\/de\/#organization\"},\"potentialAction\":[{\"@type\":\"SearchAction\",\"target\":\"https:\/\/prodigo.ch\/de\/?s={search_term_string}\",\"query-input\":\"required name=search_term_string\"}],\"inLanguage\":\"de\"},{\"@type\":\"ImageObject\",\"@id\":\"https:\/\/prodigo.ch\/about-us\/#primaryimage\",\"inLanguage\":\"de\",\"url\":\"https:\/\/prodigo.ch\/wp-content\/uploads\/2021\/07\/about.png\",\"width\":488,\"height\":488},{\"@type\":\"WebPage\",\"@id\":\"https:\/\/prodigo.ch\/about-us\/#webpage\",\"url\":\"https:\/\/prodigo.ch\/about-us\/\",\"name\":\"[:en]About us[:de]\\u00fcber uns[:fr]\\u00e0 propos[:nl]Over Ons[:it]Su Prodigo[:] - Prodigo\",\"isPartOf\":{\"@id\":\"https:\/\/prodigo.ch\/de\/#website\"},\"primaryImageOfPage\":{\"@id\":\"https:\/\/prodigo.ch\/about-us\/#primaryimage\"},\"datePublished\":\"2020-02-15T05:28:05+00:00\",\"dateModified\":\"2025-06-23T08:34:21+00:00\",\"inLanguage\":\"de\",\"potentialAction\":[{\"@type\":\"ReadAction\",\"target\":[\"https:\/\/prodigo.ch\/about-us\/\"]}]}]}<\/script>\n<!-- \/ Yoast SEO plugin. -->","_links":{"self":[{"href":"https:\/\/prodigo.ch\/de\/wp-json\/wp\/v2\/pages\/46","targetHints":{"allow":["GET"]}}],"collection":[{"href":"https:\/\/prodigo.ch\/de\/wp-json\/wp\/v2\/pages"}],"about":[{"href":"https:\/\/prodigo.ch\/de\/wp-json\/wp\/v2\/types\/page"}],"author":[{"embeddable":true,"href":"https:\/\/prodigo.ch\/de\/wp-json\/wp\/v2\/users\/1"}],"replies":[{"embeddable":true,"href":"https:\/\/prodigo.ch\/de\/wp-json\/wp\/v2\/comments?post=46"}],"version-history":[{"count":59,"href":"https:\/\/prodigo.ch\/de\/wp-json\/wp\/v2\/pages\/46\/revisions"}],"predecessor-version":[{"id":29584,"href":"https:\/\/prodigo.ch\/de\/wp-json\/wp\/v2\/pages\/46\/revisions\/29584"}],"wp:featuredmedia":[{"embeddable":true,"href":"https:\/\/prodigo.ch\/de\/wp-json\/wp\/v2\/media\/29401"}],"wp:attachment":[{"href":"https:\/\/prodigo.ch\/de\/wp-json\/wp\/v2\/media?parent=46"}],"curies":[{"name":"wp","href":"https:\/\/api.w.org\/{rel}","templated":true}]}}