{"id":128,"date":"2020-02-20T10:40:59","date_gmt":"2020-02-20T11:40:59","guid":{"rendered":"http:\/\/adsli.com\/demo\/prodigo\/?page_id=128"},"modified":"2020-05-07T11:30:07","modified_gmt":"2020-05-07T09:30:07","slug":"about-switzerland","status":"publish","type":"page","link":"https:\/\/prodigo.ch\/fr\/about-switzerland\/","title":{"rendered":"Sur la Suisse"},"content":{"rendered":"<p><\/p>\n<p style=\"text-align: justify;\">Ancr\u00e9e au c\u0153ur de l\u2019Europe sans pour autant faire partie de l\u2019Union Europ\u00e9enne, la Suisse est un petit pays par sa taille mais qui dispose de nombreux atouts. Que ce soit du point de vue \u00e9conomique, politique, scientifique ou culturel, la Suisse dispose de nombreuses forces. <!--more--> Prodigo vous accompagne dans la mise en place de votre activit\u00e9 dans cet environnement riche en opportunit\u00e9s, mais pas toujours facile \u00e0 aborder.<\/p>\n<p style=\"text-align: justify;\"><u>Economie<\/u><\/p>\n<p style=\"text-align: justify;\">L\u2019\u00e9conomie lib\u00e9rale de la Suisse offre un environnement propice au d\u00e9veloppement des affaires. Le pays est r\u00e9guli\u00e8rement en t\u00eate des classements internationaux quand il s\u2019agit de comp\u00e9titivit\u00e9. La simplicit\u00e9 des proc\u00e9dures administratives en comparaison internationale rend facile la mise en place d\u2019une activit\u00e9. Le taux d\u2019imposition sur les b\u00e9n\u00e9fices est \u00e9galement l\u2019un des plus faibles au niveau mondial.<\/p>\n<p style=\"text-align: justify;\"><u>Politique<\/u><\/p>\n<p style=\"text-align: justify;\">Le mod\u00e8le d\u00e9mocratique suisse est envi\u00e9 par de nombreux pays dans le monde. Il est bas\u00e9 sur un syst\u00e8me de d\u00e9mocratie directe dans lequel le peuple peut r\u00e9guli\u00e8rement exprimer ses opinions via les r\u00e9f\u00e9rendums et les initiatives. Le dialogue et le consensus sont \u00e0 la base de la majorit\u00e9 des d\u00e9cisions prises. Il en r\u00e9sulte une paix sociale qui fait le succ\u00e8s du mod\u00e8le helv\u00e9tique.<\/p>\n<p style=\"text-align: justify;\">Si certains domaines sont g\u00e9r\u00e9s au niveau f\u00e9d\u00e9ral, les 26 autorit\u00e9s cantonales qui composent le pays disposent d\u2019une grande marge de man\u0153uvre pour appliquer les lois dans les cantons. Cela implique parfois des diff\u00e9rences r\u00e9gionales importantes qui peuvent affecter vos affaires.<\/p>\n<p style=\"text-align: justify;\"><u>Recherche scientifique <\/u><\/p>\n<p style=\"text-align: justify;\">Avec des p\u00f4les de comp\u00e9tences tels que les \u00e9coles polytechniques f\u00e9d\u00e9rale de Zurich (ETHZ) et de Lausanne (EPFZ), la Suisse est la championne mondiale incontest\u00e9e de l\u2019innovation. Depuis 2011, elle se classe au premier rang du Global Innovation Index \u00e9tabli par l\u2019Organisation Mondiale de la Protection Intellectuelle (OMPI). Cette culture de l\u2019innovation est pr\u00e9sente dans toute la Suisse et se traduit par la pr\u00e9sence d\u2019entreprises phares dans les industries de pointes telles que la m\u00e9canique de pr\u00e9cision, les nano-technologies, l&rsquo;industrie pharmaceutique et la bio-technologie.<\/p>\n<p style=\"text-align: justify;\"><u>Culture<\/u><\/p>\n<p style=\"text-align: justify;\">Avec ses 4 langues nationales et ses 26 cantons, la Suisse est une mosa\u00efque de culture. Chaque canton cultive ses traditions et ses sp\u00e9cificit\u00e9s et cela se ressent parfois jusque dans la fa\u00e7on de faire des affaires.<\/p>\n<p><\/p>","protected":false},"excerpt":{"rendered":"<p>D\u00e9sol\u00e9, cet article est seulement disponible en EN.<\/p>\n","protected":false},"author":1,"featured_media":212,"parent":0,"menu_order":0,"comment_status":"closed","ping_status":"closed","template":"PT_Aboutswitzerland.php","meta":{"footnotes":""},"class_list":["post-128","page","type-page","status-publish","has-post-thumbnail","hentry"],"yoast_head":"<!-- This site is optimized with the Yoast SEO plugin v14.1 - https:\/\/yoast.com\/wordpress\/plugins\/seo\/ -->\n<title>Sur la Suisse - Prodigo<\/title>\n<meta name=\"description\" content=\"Anchored in the heart of Europe without being part of the European Union, Switzerland is a small country in size, but it has many advantages.\" \/>\n<meta name=\"robots\" content=\"index, follow\" \/>\n<meta name=\"googlebot\" content=\"index, follow, max-snippet:-1, max-image-preview:large, max-video-preview:-1\" \/>\n<meta name=\"bingbot\" content=\"index, follow, max-snippet:-1, max-image-preview:large, max-video-preview:-1\" \/>\n<link rel=\"canonical\" href=\"https:\/\/prodigo.ch\/it\/about-switzerland\/\" \/>\n<meta property=\"og:locale\" content=\"fr_FR\" \/>\n<meta property=\"og:type\" content=\"article\" \/>\n<meta property=\"og:title\" content=\"[:en]About Switzerland[:de]\u00fcber die Schweiz[:fr]Sur la Suisse[:nl]Over Zwitserland[:it]Sulla Svizzera[:] - Prodigo\" \/>\n<meta property=\"og:description\" content=\"Anchored in the heart of Europe without being part of the European Union, Switzerland is a small country in size, but it has many advantages.\" \/>\n<meta property=\"og:url\" content=\"https:\/\/prodigo.ch\/it\/about-switzerland\/\" \/>\n<meta property=\"og:site_name\" content=\"Prodigo\" \/>\n<meta property=\"article:modified_time\" content=\"2020-05-07T09:30:07+00:00\" \/>\n<meta property=\"og:image\" content=\"https:\/\/prodigo.ch\/wp-content\/uploads\/2020\/02\/Prodigo-blanc-entour\u00e9.png\" \/>\n\t<meta property=\"og:image:width\" content=\"1308\" \/>\n\t<meta property=\"og:image:height\" content=\"1308\" \/>\n<meta name=\"twitter:card\" content=\"summary_large_image\" \/>\n<script type=\"application\/ld+json\" class=\"yoast-schema-graph\">{\"@context\":\"https:\/\/schema.org\",\"@graph\":[{\"@type\":\"Organization\",\"@id\":\"https:\/\/prodigo.ch\/fr\/#organization\",\"name\":\"Prodigo\",\"url\":\"https:\/\/prodigo.ch\/fr\/\",\"sameAs\":[\"https:\/\/www.linkedin.com\/company\/37058592\"],\"logo\":{\"@type\":\"ImageObject\",\"@id\":\"https:\/\/prodigo.ch\/fr\/#logo\",\"inLanguage\":\"fr-FR\",\"url\":\"https:\/\/prodigo.ch\/wp-content\/uploads\/2020\/02\/cropped-PRODIGO_monogramme_negatif_RVB-1.png\",\"width\":512,\"height\":512,\"caption\":\"Prodigo\"},\"image\":{\"@id\":\"https:\/\/prodigo.ch\/fr\/#logo\"}},{\"@type\":\"WebSite\",\"@id\":\"https:\/\/prodigo.ch\/fr\/#website\",\"url\":\"https:\/\/prodigo.ch\/fr\/\",\"name\":\"Prodigo\",\"description\":\"Your Business strategy partner on the Swiss market\",\"publisher\":{\"@id\":\"https:\/\/prodigo.ch\/fr\/#organization\"},\"potentialAction\":[{\"@type\":\"SearchAction\",\"target\":\"https:\/\/prodigo.ch\/fr\/?s={search_term_string}\",\"query-input\":\"required name=search_term_string\"}],\"inLanguage\":\"fr-FR\"},{\"@type\":\"ImageObject\",\"@id\":\"https:\/\/prodigo.ch\/it\/about-switzerland\/#primaryimage\",\"inLanguage\":\"fr-FR\",\"url\":\"https:\/\/prodigo.ch\/wp-content\/uploads\/2020\/02\/Prodigo-blanc-entour\\u00e9.png\",\"width\":1308,\"height\":1308},{\"@type\":\"WebPage\",\"@id\":\"https:\/\/prodigo.ch\/it\/about-switzerland\/#webpage\",\"url\":\"https:\/\/prodigo.ch\/it\/about-switzerland\/\",\"name\":\"[:en]About Switzerland[:de]\\u00fcber die Schweiz[:fr]Sur la Suisse[:nl]Over Zwitserland[:it]Sulla Svizzera[:] - Prodigo\",\"isPartOf\":{\"@id\":\"https:\/\/prodigo.ch\/fr\/#website\"},\"primaryImageOfPage\":{\"@id\":\"https:\/\/prodigo.ch\/it\/about-switzerland\/#primaryimage\"},\"datePublished\":\"2020-02-20T11:40:59+00:00\",\"dateModified\":\"2020-05-07T09:30:07+00:00\",\"description\":\"Anchored in the heart of Europe without being part of the European Union, Switzerland is a small country in size, but it has many advantages.\",\"inLanguage\":\"fr-FR\",\"potentialAction\":[{\"@type\":\"ReadAction\",\"target\":[\"https:\/\/prodigo.ch\/it\/about-switzerland\/\"]}]}]}<\/script>\n<!-- \/ Yoast SEO plugin. -->","_links":{"self":[{"href":"https:\/\/prodigo.ch\/fr\/wp-json\/wp\/v2\/pages\/128","targetHints":{"allow":["GET"]}}],"collection":[{"href":"https:\/\/prodigo.ch\/fr\/wp-json\/wp\/v2\/pages"}],"about":[{"href":"https:\/\/prodigo.ch\/fr\/wp-json\/wp\/v2\/types\/page"}],"author":[{"embeddable":true,"href":"https:\/\/prodigo.ch\/fr\/wp-json\/wp\/v2\/users\/1"}],"replies":[{"embeddable":true,"href":"https:\/\/prodigo.ch\/fr\/wp-json\/wp\/v2\/comments?post=128"}],"version-history":[{"count":20,"href":"https:\/\/prodigo.ch\/fr\/wp-json\/wp\/v2\/pages\/128\/revisions"}],"predecessor-version":[{"id":29082,"href":"https:\/\/prodigo.ch\/fr\/wp-json\/wp\/v2\/pages\/128\/revisions\/29082"}],"wp:featuredmedia":[{"embeddable":true,"href":"https:\/\/prodigo.ch\/fr\/wp-json\/wp\/v2\/media\/212"}],"wp:attachment":[{"href":"https:\/\/prodigo.ch\/fr\/wp-json\/wp\/v2\/media?parent=128"}],"curies":[{"name":"wp","href":"https:\/\/api.w.org\/{rel}","templated":true}]}}