{"id":29277,"date":"2021-02-24T16:44:48","date_gmt":"2021-02-24T15:44:48","guid":{"rendered":"https:\/\/prodigo.ch\/?page_id=29277"},"modified":"2021-09-03T17:13:17","modified_gmt":"2021-09-03T15:13:17","slug":"movesole","status":"publish","type":"page","link":"https:\/\/prodigo.ch\/fr\/movesole\/","title":{"rendered":"MoveSole"},"content":{"rendered":"<p><\/p>\n<p style=\"text-align: justify;\">La solution MoveSole se compose d&rsquo;une semelle intelligente et d&rsquo;une application connect\u00e9es sans fil entre elles. Ce syst\u00e8me de mesure mobile bas\u00e9 sur une technologie de capteurs int\u00e9gr\u00e9s est con\u00e7u pour visualiser les r\u00e9sultats de mesure de la d\u00e9marche et du mouvement pour une analyse rapide et facile. Il permet l&rsquo;analyse de la sym\u00e9trie du mouvement, la distribution des forces de pression sous le pied et la synchronisation de la d\u00e9marche \u00e0 partir de capteurs de force strat\u00e9giquement plac\u00e9s dans la semelle.<\/p>\n<p style=\"text-align: justify;\">Cette solution v\u00e9ritablement mobile, peut \u00eatre utilis\u00e9e pour mesurer la d\u00e9marche et le mouvement \u00e9galement en dehors des laboratoires dans des conditions de la vie quotidienne des individus.<\/p>\n<p style=\"text-align: center;\"><img loading=\"lazy\" decoding=\"async\" class=\"aligncenter wp-image-29259 lazyloaded\" src=\"https:\/\/prodigo.ch\/wp-content\/uploads\/2021\/02\/MoveSole-Prodigo-partnership.png\" sizes=\"auto, (max-width: 531px) 100vw, 531px\" srcset=\"https:\/\/prodigo.ch\/wp-content\/uploads\/2021\/02\/MoveSole-Prodigo-partnership.png 608w, https:\/\/prodigo.ch\/wp-content\/uploads\/2021\/02\/MoveSole-Prodigo-partnership-300x216.png 300w\" alt=\"\" width=\"531\" height=\"382\" data-srcset=\"https:\/\/prodigo.ch\/wp-content\/uploads\/2021\/02\/MoveSole-Prodigo-partnership.png 608w, https:\/\/prodigo.ch\/wp-content\/uploads\/2021\/02\/MoveSole-Prodigo-partnership-300x216.png 300w\" data-src=\"https:\/\/prodigo.ch\/wp-content\/uploads\/2021\/02\/MoveSole-Prodigo-partnership.png\" data-sizes=\"(max-width: 531px) 100vw, 531px\" \/><\/p>\n<p style=\"text-align: justify;\">Les semelles MoveSole offrent une utilisation quasi illimit\u00e9e \u00e0 des fins de pr\u00e9vention et de r\u00e9\u00e9ducation. Elles permettent de suivre le processus de r\u00e9cup\u00e9ration de blessures ou de dysfonctionnements des membres inf\u00e9rieurs, le traitement des ulc\u00e8res du pied li\u00e9s au diab\u00e8te ainsi que l&rsquo;analyse de l&rsquo;impact des activit\u00e9s exerc\u00e9es par les personnes \u00e2g\u00e9es pour maintenir leur qualit\u00e9 de vie. Les entra\u00eeneurs et les utilisateurs peuvent \u00e9galement b\u00e9n\u00e9ficier des analyses de performances obtenus gr\u00e2ce \u00e0 l&rsquo;appareil de mesure MoveSole dans la pratique du sport et l&rsquo;entrainement.<\/p>\n<p style=\"text-align: justify;\">Deux types d&rsquo;appareils sont propos\u00e9s: <a href=\"https:\/\/prodigo.ch\/wp-content\/uploads\/2021\/03\/MoveSole_StepLab_Pr\u00e9sentation_courte_FR_2020.pdf\"><strong>MoveSole StepLab<\/strong><\/a> est con\u00e7u pour fournir des r\u00e9sultats synth\u00e9tis\u00e9s sur toute la session de mesure pour une analyse rapide et facile, et <a href=\"https:\/\/prodigo.ch\/wp-content\/uploads\/2021\/03\/MoveSole_Research_Presentation_2020.pdf\"><strong>MoveSole Research [EN]<\/strong><\/a> fournit des donn\u00e9es de mesure d\u00e9taill\u00e9es de chaque pas pour une analyse approfondie lorsque chaque \u00e9tape compte.<\/p>\n<p style=\"text-align: justify;\">MoveSole est une entreprise finlandaise qui a d\u00e9velopp\u00e9 et commercialis\u00e9 cette solution permettant l&rsquo;analyse de la d\u00e9marche et du d\u00e9placement pour les professionnels de la sant\u00e9 et du sport. Plus d&rsquo;informations sur <a href=\"http:\/\/www.movesole.com\/en\" target=\"_blank\" rel=\"noopener noreferrer\">www.movesole.com<\/a>.<\/p>\n<p style=\"text-align: justify;\">En tant que repr\u00e9sentant commercial de MoveSole en Suisse, Prodigo est l\u00e0 pour vous informer et r\u00e9pondre \u00e0 vos questions. <a href=\"https:\/\/prodigo.ch\/contact-2\/\">Prenez contact avec nous en cas d&rsquo;int\u00e9r\u00eat, nous serions heureux de vous fournir plus d&rsquo;informations ou de vous rendre visite pour faire une d\u00e9monstration du produit.<\/a><\/p>\n<p><\/p>","protected":false},"excerpt":{"rendered":"<p>La solution MoveSole se compose d&rsquo;une semelle intelligente et d&rsquo;une application connect\u00e9es sans fil entre elles. Ce syst\u00e8me de mesure mobile bas\u00e9 sur une technologie de capteurs int\u00e9gr\u00e9s est con\u00e7u pour visualiser les r\u00e9sultats de mesure de la d\u00e9marche et du mouvement pour une analyse rapide et facile. Il permet l&rsquo;analyse de la sym\u00e9trie du mouvement, la distribution des forces de pression sous le pied et la synchronisation de la d\u00e9marche \u00e0 partir de capteurs de force strat\u00e9giquement plac\u00e9s dans la semelle. Cette solution v\u00e9ritablement mobile, peut \u00eatre utilis\u00e9e pour mesurer la d\u00e9marche et le mouvement \u00e9galement en dehors des laboratoires dans des conditions de la vie quotidienne des individus. Les semelles MoveSole offrent une utilisation quasi illimit\u00e9e \u00e0 des fins de pr\u00e9vention et de r\u00e9\u00e9ducation. Elles permettent de suivre le processus de r\u00e9cup\u00e9ration de blessures ou de dysfonctionnements des membres inf\u00e9rieurs, le traitement des ulc\u00e8res du pied li\u00e9s au diab\u00e8te ainsi que l&rsquo;analyse de l&rsquo;impact des activit\u00e9s exerc\u00e9es par les personnes \u00e2g\u00e9es pour maintenir leur qualit\u00e9 de vie. Les entra\u00eeneurs et les utilisateurs peuvent \u00e9galement b\u00e9n\u00e9ficier des analyses de performances obtenus gr\u00e2ce \u00e0 l&rsquo;appareil de mesure MoveSole dans la pratique du sport et l&rsquo;entrainement. Deux types d&rsquo;appareils sont propos\u00e9s: MoveSole StepLab est con\u00e7u pour fournir des r\u00e9sultats synth\u00e9tis\u00e9s sur toute la session de mesure pour une analyse rapide et facile, et MoveSole Research [EN] fournit des donn\u00e9es de mesure d\u00e9taill\u00e9es de chaque pas pour une analyse approfondie lorsque chaque \u00e9tape compte. MoveSole est une entreprise finlandaise qui a d\u00e9velopp\u00e9 et commercialis\u00e9 cette solution permettant l&rsquo;analyse de la d\u00e9marche et du d\u00e9placement pour les professionnels de la sant\u00e9 et du sport. Plus d&rsquo;informations sur www.movesole.com. En tant que repr\u00e9sentant commercial de MoveSole en Suisse, Prodigo est l\u00e0 pour vous informer et r\u00e9pondre \u00e0 vos questions. Prenez contact avec nous en cas d&rsquo;int\u00e9r\u00eat, nous serions heureux de vous fournir plus d&rsquo;informations ou de vous rendre visite pour faire une d\u00e9monstration du produit.<\/p>\n","protected":false},"author":1,"featured_media":0,"parent":0,"menu_order":0,"comment_status":"closed","ping_status":"closed","template":"","meta":{"footnotes":""},"class_list":["post-29277","page","type-page","status-publish","hentry"],"yoast_head":"<!-- This site is optimized with the Yoast SEO plugin v14.1 - https:\/\/yoast.com\/wordpress\/plugins\/seo\/ -->\n<title>MoveSole - Prodigo<\/title>\n<meta name=\"robots\" content=\"index, follow\" \/>\n<meta name=\"googlebot\" content=\"index, follow, max-snippet:-1, max-image-preview:large, max-video-preview:-1\" \/>\n<meta name=\"bingbot\" content=\"index, follow, max-snippet:-1, max-image-preview:large, max-video-preview:-1\" \/>\n<link rel=\"canonical\" href=\"https:\/\/prodigo.ch\/movesole\/\" \/>\n<meta property=\"og:locale\" content=\"fr_FR\" \/>\n<meta property=\"og:type\" content=\"article\" \/>\n<meta property=\"og:title\" content=\"MoveSole - Prodigo\" \/>\n<meta property=\"og:description\" content=\"La solution MoveSole se compose d&rsquo;une semelle intelligente et d&rsquo;une application connect\u00e9es sans fil entre elles. Ce syst\u00e8me de mesure mobile bas\u00e9 sur une technologie de capteurs int\u00e9gr\u00e9s est con\u00e7u pour visualiser les r\u00e9sultats de mesure de la d\u00e9marche et du mouvement pour une analyse rapide et facile. Il permet l&rsquo;analyse de la sym\u00e9trie du mouvement, la distribution des forces de pression sous le pied et la synchronisation de la d\u00e9marche \u00e0 partir de capteurs de force strat\u00e9giquement plac\u00e9s dans la semelle. Cette solution v\u00e9ritablement mobile, peut \u00eatre utilis\u00e9e pour mesurer la d\u00e9marche et le mouvement \u00e9galement en dehors des laboratoires dans des conditions de la vie quotidienne des individus. Les semelles MoveSole offrent une utilisation quasi illimit\u00e9e \u00e0 des fins de pr\u00e9vention et de r\u00e9\u00e9ducation. Elles permettent de suivre le processus de r\u00e9cup\u00e9ration de blessures ou de dysfonctionnements des membres inf\u00e9rieurs, le traitement des ulc\u00e8res du pied li\u00e9s au diab\u00e8te ainsi que l&rsquo;analyse de l&rsquo;impact des activit\u00e9s exerc\u00e9es par les personnes \u00e2g\u00e9es pour maintenir leur qualit\u00e9 de vie. Les entra\u00eeneurs et les utilisateurs peuvent \u00e9galement b\u00e9n\u00e9ficier des analyses de performances obtenus gr\u00e2ce \u00e0 l&rsquo;appareil de mesure MoveSole dans la pratique du sport et l&rsquo;entrainement. Deux types d&rsquo;appareils sont propos\u00e9s: MoveSole StepLab est con\u00e7u pour fournir des r\u00e9sultats synth\u00e9tis\u00e9s sur toute la session de mesure pour une analyse rapide et facile, et MoveSole Research [EN] fournit des donn\u00e9es de mesure d\u00e9taill\u00e9es de chaque pas pour une analyse approfondie lorsque chaque \u00e9tape compte. MoveSole est une entreprise finlandaise qui a d\u00e9velopp\u00e9 et commercialis\u00e9 cette solution permettant l&rsquo;analyse de la d\u00e9marche et du d\u00e9placement pour les professionnels de la sant\u00e9 et du sport. Plus d&rsquo;informations sur www.movesole.com. En tant que repr\u00e9sentant commercial de MoveSole en Suisse, Prodigo est l\u00e0 pour vous informer et r\u00e9pondre \u00e0 vos questions. Prenez contact avec nous en cas d&rsquo;int\u00e9r\u00eat, nous serions heureux de vous fournir plus d&rsquo;informations ou de vous rendre visite pour faire une d\u00e9monstration du produit.\" \/>\n<meta property=\"og:url\" content=\"https:\/\/prodigo.ch\/movesole\/\" \/>\n<meta property=\"og:site_name\" content=\"Prodigo\" \/>\n<meta property=\"article:modified_time\" content=\"2021-09-03T15:13:17+00:00\" \/>\n<meta property=\"og:image\" content=\"https:\/\/prodigo.ch\/wp-content\/uploads\/2021\/02\/MoveSole-Prodigo-partnership.png\" \/>\n<meta name=\"twitter:card\" content=\"summary_large_image\" \/>\n<script type=\"application\/ld+json\" class=\"yoast-schema-graph\">{\"@context\":\"https:\/\/schema.org\",\"@graph\":[{\"@type\":\"Organization\",\"@id\":\"https:\/\/prodigo.ch\/fr\/#organization\",\"name\":\"Prodigo\",\"url\":\"https:\/\/prodigo.ch\/fr\/\",\"sameAs\":[\"https:\/\/www.linkedin.com\/company\/37058592\"],\"logo\":{\"@type\":\"ImageObject\",\"@id\":\"https:\/\/prodigo.ch\/fr\/#logo\",\"inLanguage\":\"fr-FR\",\"url\":\"https:\/\/prodigo.ch\/wp-content\/uploads\/2020\/02\/cropped-PRODIGO_monogramme_negatif_RVB-1.png\",\"width\":512,\"height\":512,\"caption\":\"Prodigo\"},\"image\":{\"@id\":\"https:\/\/prodigo.ch\/fr\/#logo\"}},{\"@type\":\"WebSite\",\"@id\":\"https:\/\/prodigo.ch\/fr\/#website\",\"url\":\"https:\/\/prodigo.ch\/fr\/\",\"name\":\"Prodigo\",\"description\":\"Your Business strategy partner on the Swiss market\",\"publisher\":{\"@id\":\"https:\/\/prodigo.ch\/fr\/#organization\"},\"potentialAction\":[{\"@type\":\"SearchAction\",\"target\":\"https:\/\/prodigo.ch\/fr\/?s={search_term_string}\",\"query-input\":\"required name=search_term_string\"}],\"inLanguage\":\"fr-FR\"},{\"@type\":\"ImageObject\",\"@id\":\"https:\/\/prodigo.ch\/movesole\/#primaryimage\",\"inLanguage\":\"fr-FR\",\"url\":\"https:\/\/prodigo.ch\/wp-content\/uploads\/2021\/02\/MoveSole-Prodigo-partnership.png\",\"width\":608,\"height\":437},{\"@type\":\"WebPage\",\"@id\":\"https:\/\/prodigo.ch\/movesole\/#webpage\",\"url\":\"https:\/\/prodigo.ch\/movesole\/\",\"name\":\"MoveSole - Prodigo\",\"isPartOf\":{\"@id\":\"https:\/\/prodigo.ch\/fr\/#website\"},\"primaryImageOfPage\":{\"@id\":\"https:\/\/prodigo.ch\/movesole\/#primaryimage\"},\"datePublished\":\"2021-02-24T15:44:48+00:00\",\"dateModified\":\"2021-09-03T15:13:17+00:00\",\"inLanguage\":\"fr-FR\",\"potentialAction\":[{\"@type\":\"ReadAction\",\"target\":[\"https:\/\/prodigo.ch\/movesole\/\"]}]}]}<\/script>\n<!-- \/ Yoast SEO plugin. -->","_links":{"self":[{"href":"https:\/\/prodigo.ch\/fr\/wp-json\/wp\/v2\/pages\/29277","targetHints":{"allow":["GET"]}}],"collection":[{"href":"https:\/\/prodigo.ch\/fr\/wp-json\/wp\/v2\/pages"}],"about":[{"href":"https:\/\/prodigo.ch\/fr\/wp-json\/wp\/v2\/types\/page"}],"author":[{"embeddable":true,"href":"https:\/\/prodigo.ch\/fr\/wp-json\/wp\/v2\/users\/1"}],"replies":[{"embeddable":true,"href":"https:\/\/prodigo.ch\/fr\/wp-json\/wp\/v2\/comments?post=29277"}],"version-history":[{"count":30,"href":"https:\/\/prodigo.ch\/fr\/wp-json\/wp\/v2\/pages\/29277\/revisions"}],"predecessor-version":[{"id":29410,"href":"https:\/\/prodigo.ch\/fr\/wp-json\/wp\/v2\/pages\/29277\/revisions\/29410"}],"wp:attachment":[{"href":"https:\/\/prodigo.ch\/fr\/wp-json\/wp\/v2\/media?parent=29277"}],"curies":[{"name":"wp","href":"https:\/\/api.w.org\/{rel}","templated":true}]}}