{"id":46,"date":"2020-02-15T05:28:05","date_gmt":"2020-02-15T05:28:05","guid":{"rendered":"http:\/\/adsli.com\/demo\/prodigo\/?page_id=46"},"modified":"2025-06-23T10:34:21","modified_gmt":"2025-06-23T08:34:21","slug":"about-us","status":"publish","type":"page","link":"https:\/\/prodigo.ch\/fr\/about-us\/","title":{"rendered":"\u00e0 propos"},"content":{"rendered":"<p><\/p>\n<p style=\"text-align: justify;\">Prodigo est une soci\u00e9t\u00e9 de conseil qui accompagne les entreprises dans le d\u00e9veloppement de leurs affaires sur le march\u00e9 suisse. Nous fournissons des informations de march\u00e9 (\u00e9tude de march\u00e9, voyage d\u2019\u00e9tude, analyse des exigences juridiques et r\u00e9glementaires sp\u00e9cifiques au march\u00e9 suisse), des contacts strat\u00e9giques (au travers d\u2019un programme de contacts personnalis\u00e9s), un soutien local sur le plan administratif (repr\u00e9sentation fiscale) ou logistique (organisation d\u2019\u00e9v\u00e9nement, assistance pour la participation \u00e0 des salons).<!--more--><\/p>\n<p style=\"text-align: justify;\">Le potentiel du march\u00e9 suisse offre de nombreuses opportunit\u00e9s d\u2019affaires aux entreprises \u00e9trang\u00e8res, mais il convient de rem\u00e9dier aux barri\u00e8res tarifaires et non-tarifaires, telles que ses fortes exigences en termes de qualit\u00e9 et d\u2019innovation, des diff\u00e9rences culturelles et linguistiques, des r\u00e8gles sp\u00e9cifiques appliqu\u00e9es \u00e0 certains produits ou services.<\/p>\n<p style=\"text-align: center;\">Prodigo est l\u00e0 pour vous accompagner dans vos d\u00e9marches administratives et strat\u00e9giques !<\/p>\n<p style=\"text-align: justify;\">Nous nous effor\u00e7ons d\u2019approfondir la compr\u00e9hension de votre domaine d\u2019activit\u00e9 avec vous et d\u2019agir comme votre partenaire local. Nous vous accompagnons pour d\u00e9finir conjointement l\u2019ensemble des prestations qui r\u00e9pondent le mieux \u00e0 vos besoins.<\/p>\n<p style=\"text-align: justify;\">Nos comp\u00e9tences de conseil s\u2019axent sur les secteurs \u00e0 forte valeur ajout\u00e9e, comme le commerce de biens d&rsquo;alimentation &amp; boissons, de mode &amp; lifestyle, les produits et services destin\u00e9s aux industries de pointe (pharmaceutique, chimique, m\u00e9canique de pr\u00e9cision) ou encore les solutions durables (\u00e9nergies renouvelables, mat\u00e9riaux recyclables).<\/p>\n<p style=\"text-align: justify;\">Depuis nos bureaux de Zurich et de Neuch\u00e2tel, et avec nos comp\u00e9tences linguistiques, nous sommes en mesure de couvrir toute la Suisse. Gr\u00e2ce \u00e0 notre exp\u00e9rience de plusieurs ann\u00e9es dans la promotion \u00e9conomique et la gestion d\u2019entreprise, nous sommes familiers avec le monde du commerce suisse et les soci\u00e9t\u00e9s \u00e9trang\u00e8res souhaitant exporter en Suisse.<\/p>\n<p style=\"text-align: center;\"><a href=\"https:\/\/prodigo.ch\/wp-content\/uploads\/2020\/09\/Flyer-Prodigo-FR.pdf\">Flyer Prodigo FR<\/a><\/p>\n<p style=\"text-align: justify;\">Prodigo a pu \u00e9tablir un vaste r\u00e9seau compos\u00e9 d&rsquo;acteurs \u00e9conomiques, priv\u00e9s et publics, non seulement en Suisse, mais aussi dans de nombreux pays europ\u00e9ens. En effet, nous avons pu organiser un nombre important de webinaires professionnels, notamment en Slov\u00e9nie (avec la <a href=\"https:\/\/eng.gzs.si\/\" target=\"_blank\" rel=\"noopener\">Chamber of Commerce and Industry of Slovenia<\/a>), en Lituanie (avec la <a href=\"https:\/\/chamber.lt\/en\/\" target=\"_blank\" rel=\"noopener\">Kaunas Chamber of Commerce, Industry and Crafts<\/a>), en Estonie (avec la <a href=\"https:\/\/www.koda.ee\/en\" target=\"_blank\" rel=\"noopener\">Estonian Chamber of Commerce and Industry<\/a>), en Norv\u00e8ge (avec la <a href=\"https:\/\/chamber.no\/\" target=\"_blank\" rel=\"noopener\">Oslo Chamber of Commerce<\/a>), en Finlande (avec la <a href=\"https:\/\/handelskammer-fin.ch\/\" target=\"_blank\" rel=\"noopener\">Chamber of Commerce Finland-Switzerland<\/a>), en Slovaquie (avec la <a href=\"https:\/\/www.sario.sk\/en\" target=\"_blank\" rel=\"noopener\">Slovak Investment and Trade Development Agency SARIO<\/a>), au Royaume-Uni (avec <a href=\"https:\/\/goexporting.com\/\" target=\"_blank\" rel=\"noopener\">Go Exporting Ltd<\/a>), avec la Croatie (avec la <a href=\"https:\/\/investincroatia.hr\/\" target=\"_blank\" rel=\"noopener\">Croatian Chamber of Economy<\/a>) et en Belgique (avec les Chambres de Commerce de VOKA \u00e0 <a href=\"https:\/\/www.voka.be\/oost-vlaanderen\" target=\"_blank\" rel=\"noopener\">Gand <\/a>, \u00e0 <a href=\"https:\/\/www.voka.be\/mechelen-kempen\" target=\"_blank\" rel=\"noopener\">Geel<\/a> et \u00e0 <a href=\"https:\/\/www.voka.be\/west-vlaanderen\" target=\"_blank\" rel=\"noopener\">Bruges<\/a>).<\/p>\n<p style=\"text-align: justify;\">Prodigo est \u00e9galement fier d&rsquo;\u00eatre membre et partenaire de l&rsquo;association suivante :<\/p>\n<p><a href=\"https:\/\/cee.swiss\/\" target=\"_blank\" rel=\"noopener\"><img loading=\"lazy\" decoding=\"async\" class=\"wp-image-29425 aligncenter\" src=\"https:\/\/prodigo.ch\/wp-content\/uploads\/2022\/02\/SEC-1024x154.jpg\" alt=\"\" width=\"540\" height=\"81\" srcset=\"https:\/\/prodigo.ch\/wp-content\/uploads\/2022\/02\/SEC-1024x154.jpg 1024w, https:\/\/prodigo.ch\/wp-content\/uploads\/2022\/02\/SEC-300x45.jpg 300w, https:\/\/prodigo.ch\/wp-content\/uploads\/2022\/02\/SEC-768x115.jpg 768w, https:\/\/prodigo.ch\/wp-content\/uploads\/2022\/02\/SEC-1536x231.jpg 1536w, https:\/\/prodigo.ch\/wp-content\/uploads\/2022\/02\/SEC-2048x308.jpg 2048w\" sizes=\"auto, (max-width: 540px) 100vw, 540px\" \/><\/a><\/p>\n<p>&nbsp;<\/p>\n<p style=\"text-align: justify;\">Depuis d\u00e9but 2024, Prodigo est \u00e9galement labellis\u00e9 en tant que Sp\u00e9cialiste du Commerce Ext\u00e9rieur (SCE) par l\u2019Agence wallonne \u00e0 l&rsquo;exportation et aux investissements \u00e9trangers (<a href=\"https:\/\/www.awex-export.be\/fr\/aides-et-subsides\/liste-des-aides\/support-consultance\" target=\"_blank\" rel=\"noopener\">AWEX<\/a>), ce qui permet aux entreprises wallonnes de b\u00e9n\u00e9ficier de subventions pour leurs efforts d&rsquo;internationalisation.<\/p>\n<p>&nbsp;<\/p>\n<p style=\"text-align: center;\"><img loading=\"lazy\" decoding=\"async\" class=\"size-medium wp-image-29482 aligncenter\" src=\"https:\/\/prodigo.ch\/wp-content\/uploads\/2024\/02\/wallonia-export-investment-agency-300x230.png\" alt=\"\" width=\"300\" height=\"230\" srcset=\"https:\/\/prodigo.ch\/wp-content\/uploads\/2024\/02\/wallonia-export-investment-agency-300x230.png 300w, https:\/\/prodigo.ch\/wp-content\/uploads\/2024\/02\/wallonia-export-investment-agency-1024x783.png 1024w, https:\/\/prodigo.ch\/wp-content\/uploads\/2024\/02\/wallonia-export-investment-agency-768x588.png 768w, https:\/\/prodigo.ch\/wp-content\/uploads\/2024\/02\/wallonia-export-investment-agency.png 1128w\" sizes=\"auto, (max-width: 300px) 100vw, 300px\" \/><\/p>\n<p><\/p>","protected":false},"excerpt":{"rendered":"<p>D\u00e9sol\u00e9, cet article est seulement disponible en EN.<\/p>\n","protected":false},"author":1,"featured_media":29401,"parent":0,"menu_order":0,"comment_status":"closed","ping_status":"closed","template":"PT_About.php","meta":{"footnotes":""},"class_list":["post-46","page","type-page","status-publish","has-post-thumbnail","hentry"],"yoast_head":"<!-- This site is optimized with the Yoast SEO plugin v14.1 - https:\/\/yoast.com\/wordpress\/plugins\/seo\/ -->\n<title>\u00e0 propos - Prodigo<\/title>\n<meta name=\"robots\" content=\"index, follow\" \/>\n<meta name=\"googlebot\" content=\"index, follow, max-snippet:-1, max-image-preview:large, max-video-preview:-1\" \/>\n<meta name=\"bingbot\" content=\"index, follow, max-snippet:-1, max-image-preview:large, max-video-preview:-1\" \/>\n<link rel=\"canonical\" href=\"https:\/\/prodigo.ch\/about-us\/\" \/>\n<meta property=\"og:locale\" content=\"fr_FR\" \/>\n<meta property=\"og:type\" content=\"article\" \/>\n<meta property=\"og:title\" content=\"[:en]About us[:de]\u00fcber uns[:fr]\u00e0 propos[:nl]Over Ons[:it]Su Prodigo[:] - Prodigo\" \/>\n<meta property=\"og:description\" content=\"D\u00e9sol\u00e9, cet article est seulement disponible en EN.\" \/>\n<meta property=\"og:url\" content=\"https:\/\/prodigo.ch\/about-us\/\" \/>\n<meta property=\"og:site_name\" content=\"Prodigo\" \/>\n<meta property=\"article:modified_time\" content=\"2025-06-23T08:34:21+00:00\" \/>\n<meta property=\"og:image\" content=\"https:\/\/prodigo.ch\/wp-content\/uploads\/2021\/07\/about.png\" \/>\n\t<meta property=\"og:image:width\" content=\"488\" \/>\n\t<meta property=\"og:image:height\" content=\"488\" \/>\n<meta name=\"twitter:card\" content=\"summary_large_image\" \/>\n<script type=\"application\/ld+json\" class=\"yoast-schema-graph\">{\"@context\":\"https:\/\/schema.org\",\"@graph\":[{\"@type\":\"Organization\",\"@id\":\"https:\/\/prodigo.ch\/fr\/#organization\",\"name\":\"Prodigo\",\"url\":\"https:\/\/prodigo.ch\/fr\/\",\"sameAs\":[\"https:\/\/www.linkedin.com\/company\/37058592\"],\"logo\":{\"@type\":\"ImageObject\",\"@id\":\"https:\/\/prodigo.ch\/fr\/#logo\",\"inLanguage\":\"fr-FR\",\"url\":\"https:\/\/prodigo.ch\/wp-content\/uploads\/2020\/02\/cropped-PRODIGO_monogramme_negatif_RVB-1.png\",\"width\":512,\"height\":512,\"caption\":\"Prodigo\"},\"image\":{\"@id\":\"https:\/\/prodigo.ch\/fr\/#logo\"}},{\"@type\":\"WebSite\",\"@id\":\"https:\/\/prodigo.ch\/fr\/#website\",\"url\":\"https:\/\/prodigo.ch\/fr\/\",\"name\":\"Prodigo\",\"description\":\"Your Business strategy partner on the Swiss market\",\"publisher\":{\"@id\":\"https:\/\/prodigo.ch\/fr\/#organization\"},\"potentialAction\":[{\"@type\":\"SearchAction\",\"target\":\"https:\/\/prodigo.ch\/fr\/?s={search_term_string}\",\"query-input\":\"required name=search_term_string\"}],\"inLanguage\":\"fr-FR\"},{\"@type\":\"ImageObject\",\"@id\":\"https:\/\/prodigo.ch\/about-us\/#primaryimage\",\"inLanguage\":\"fr-FR\",\"url\":\"https:\/\/prodigo.ch\/wp-content\/uploads\/2021\/07\/about.png\",\"width\":488,\"height\":488},{\"@type\":\"WebPage\",\"@id\":\"https:\/\/prodigo.ch\/about-us\/#webpage\",\"url\":\"https:\/\/prodigo.ch\/about-us\/\",\"name\":\"[:en]About us[:de]\\u00fcber uns[:fr]\\u00e0 propos[:nl]Over Ons[:it]Su Prodigo[:] - Prodigo\",\"isPartOf\":{\"@id\":\"https:\/\/prodigo.ch\/fr\/#website\"},\"primaryImageOfPage\":{\"@id\":\"https:\/\/prodigo.ch\/about-us\/#primaryimage\"},\"datePublished\":\"2020-02-15T05:28:05+00:00\",\"dateModified\":\"2025-06-23T08:34:21+00:00\",\"inLanguage\":\"fr-FR\",\"potentialAction\":[{\"@type\":\"ReadAction\",\"target\":[\"https:\/\/prodigo.ch\/about-us\/\"]}]}]}<\/script>\n<!-- \/ Yoast SEO plugin. -->","_links":{"self":[{"href":"https:\/\/prodigo.ch\/fr\/wp-json\/wp\/v2\/pages\/46","targetHints":{"allow":["GET"]}}],"collection":[{"href":"https:\/\/prodigo.ch\/fr\/wp-json\/wp\/v2\/pages"}],"about":[{"href":"https:\/\/prodigo.ch\/fr\/wp-json\/wp\/v2\/types\/page"}],"author":[{"embeddable":true,"href":"https:\/\/prodigo.ch\/fr\/wp-json\/wp\/v2\/users\/1"}],"replies":[{"embeddable":true,"href":"https:\/\/prodigo.ch\/fr\/wp-json\/wp\/v2\/comments?post=46"}],"version-history":[{"count":59,"href":"https:\/\/prodigo.ch\/fr\/wp-json\/wp\/v2\/pages\/46\/revisions"}],"predecessor-version":[{"id":29584,"href":"https:\/\/prodigo.ch\/fr\/wp-json\/wp\/v2\/pages\/46\/revisions\/29584"}],"wp:featuredmedia":[{"embeddable":true,"href":"https:\/\/prodigo.ch\/fr\/wp-json\/wp\/v2\/media\/29401"}],"wp:attachment":[{"href":"https:\/\/prodigo.ch\/fr\/wp-json\/wp\/v2\/media?parent=46"}],"curies":[{"name":"wp","href":"https:\/\/api.w.org\/{rel}","templated":true}]}}