{"id":128,"date":"2020-02-20T10:40:59","date_gmt":"2020-02-20T11:40:59","guid":{"rendered":"http:\/\/adsli.com\/demo\/prodigo\/?page_id=128"},"modified":"2020-05-07T11:30:07","modified_gmt":"2020-05-07T09:30:07","slug":"about-switzerland","status":"publish","type":"page","link":"https:\/\/prodigo.ch\/it\/about-switzerland\/","title":{"rendered":"Sulla Svizzera"},"content":{"rendered":"<p><\/p>\n<p style=\"text-align: justify;\">Ancorata nel cuore dell&#8217;Europa senza comunque far parte dell&#8217;Unione Europea, la Svizzera \u00e8 un piccolo paese per le sue dimensioni ma che presenta numerosi vantaggi. Dal punto di vista economico, politico, culturale o scientifico, la Svizzera dispone di molti punti di forza.<!--more--> Prodigo vi supporta nella creazione della vostra attivit\u00e0 in questo ambiente ricco di opportunit\u00e0, ma non sempre facile da avvicinare.<\/p>\n<p style=\"text-align: justify;\"><u>Economia<\/u><\/p>\n<p style=\"text-align: justify;\">L&#8217;economia liberale della Svizzera offre un ambiente favorevole allo sviluppo degli affari. Il paese \u00e8 regolarmente in cime delle classifiche internazionali quando si tratta di competitivit\u00e0. La semplicit\u00e0 relativa delle procedure amministrative nel confronto internazionale semplifica l&#8217;avvio di un&#8217;attivit\u00e0. Le imposte sul reddito sono anche tra le pi\u00f9 basse al mondo.<\/p>\n<p style=\"text-align: justify;\"><u>Politica<\/u><\/p>\n<p style=\"text-align: justify;\">Il modello democratico svizzero \u00e8 invidiato da molti paesi in tutto il mondo. Si basa su un sistema di democrazia diretta in cui le persone possono regolarmente esprimere le proprie opinioni attraverso referendum e iniziative. Il dialogo e il consenso sono la base della maggior parte delle decisioni prese. Il risultato \u00e8 una pace sociale che rende il successo del modello svizzero.<\/p>\n<p style=\"text-align: justify;\">Mentre alcune aree sono gestite a livello federale, le 26 autorit\u00e0 cantonali che compongono il Paese hanno molto spazio per applicare le proprie leggi nei Cantoni. Questo a volte involge significative differenze regionali che possono influire sulla vostra attivit\u00e0.<\/p>\n<p style=\"text-align: justify;\"><u>Ricerca scientifica<\/u><\/p>\n<p style=\"text-align: justify;\">Con centri di competenza come l&#8217;Istituto Federale Svizzero di Tecnologia di Zurigo (ETHZ) e Losanna (EPFZ), la Svizzera \u00e8 l&#8217;indiscussa campionessa mondiale dell&#8217;innovazione. Dal 2011 \u00e8 al primo posto nel Global Innovation Index stabilito dall&#8217;Organizzazione Mondiale per la Protezione Intellettuale (OMPI). Questa cultura dell&#8217;innovazione \u00e8 presente in tutta la Svizzera e si riflette nella presenza di imprese di punta in settori avanzati come la meccanica di precisione, le nanotecnologie, l&#8217;industria farmaceutica e la biotecnologia.<\/p>\n<p style=\"text-align: justify;\"><u>Cultura<\/u><\/p>\n<p style=\"text-align: justify;\">Con le sue 4 lingue nazionali e 26 cantoni, la Svizzera \u00e8 un mosaico di cultura. Ogni Cantone coltiva le sue tradizioni e le sue specificit\u00e0 e questo a volte si fa sentire anche nel modo di fare affari.<\/p>\n<p><\/p>","protected":false},"excerpt":{"rendered":"<p>Ci spiace, ma questo articolo \u00e8 disponibile soltanto in EN.<\/p>\n","protected":false},"author":1,"featured_media":212,"parent":0,"menu_order":0,"comment_status":"closed","ping_status":"closed","template":"PT_Aboutswitzerland.php","meta":{"footnotes":""},"class_list":["post-128","page","type-page","status-publish","has-post-thumbnail","hentry"],"yoast_head":"<!-- This site is optimized with the Yoast SEO plugin v14.1 - https:\/\/yoast.com\/wordpress\/plugins\/seo\/ -->\n<title>Sulla Svizzera - Prodigo<\/title>\n<meta name=\"description\" content=\"Anchored in the heart of Europe without being part of the European Union, Switzerland is a small country in size, but it has many advantages.\" \/>\n<meta name=\"robots\" content=\"index, follow\" \/>\n<meta name=\"googlebot\" content=\"index, follow, max-snippet:-1, max-image-preview:large, max-video-preview:-1\" \/>\n<meta name=\"bingbot\" content=\"index, follow, max-snippet:-1, max-image-preview:large, max-video-preview:-1\" \/>\n<link rel=\"canonical\" href=\"https:\/\/prodigo.ch\/it\/about-switzerland\/\" \/>\n<meta property=\"og:locale\" content=\"it_IT\" \/>\n<meta property=\"og:type\" content=\"article\" \/>\n<meta property=\"og:title\" content=\"[:en]About Switzerland[:de]\u00fcber die Schweiz[:fr]Sur la Suisse[:nl]Over Zwitserland[:it]Sulla Svizzera[:] - Prodigo\" \/>\n<meta property=\"og:description\" content=\"Anchored in the heart of Europe without being part of the European Union, Switzerland is a small country in size, but it has many advantages.\" \/>\n<meta property=\"og:url\" content=\"https:\/\/prodigo.ch\/it\/about-switzerland\/\" \/>\n<meta property=\"og:site_name\" content=\"Prodigo\" \/>\n<meta property=\"article:modified_time\" content=\"2020-05-07T09:30:07+00:00\" \/>\n<meta property=\"og:image\" content=\"https:\/\/prodigo.ch\/wp-content\/uploads\/2020\/02\/Prodigo-blanc-entour\u00e9.png\" \/>\n\t<meta property=\"og:image:width\" content=\"1308\" \/>\n\t<meta property=\"og:image:height\" content=\"1308\" \/>\n<meta name=\"twitter:card\" content=\"summary_large_image\" \/>\n<script type=\"application\/ld+json\" class=\"yoast-schema-graph\">{\"@context\":\"https:\/\/schema.org\",\"@graph\":[{\"@type\":\"Organization\",\"@id\":\"https:\/\/prodigo.ch\/it\/#organization\",\"name\":\"Prodigo\",\"url\":\"https:\/\/prodigo.ch\/it\/\",\"sameAs\":[\"https:\/\/www.linkedin.com\/company\/37058592\"],\"logo\":{\"@type\":\"ImageObject\",\"@id\":\"https:\/\/prodigo.ch\/it\/#logo\",\"inLanguage\":\"it-IT\",\"url\":\"https:\/\/prodigo.ch\/wp-content\/uploads\/2020\/02\/cropped-PRODIGO_monogramme_negatif_RVB-1.png\",\"width\":512,\"height\":512,\"caption\":\"Prodigo\"},\"image\":{\"@id\":\"https:\/\/prodigo.ch\/it\/#logo\"}},{\"@type\":\"WebSite\",\"@id\":\"https:\/\/prodigo.ch\/it\/#website\",\"url\":\"https:\/\/prodigo.ch\/it\/\",\"name\":\"Prodigo\",\"description\":\"Your Business strategy partner on the Swiss market\",\"publisher\":{\"@id\":\"https:\/\/prodigo.ch\/it\/#organization\"},\"potentialAction\":[{\"@type\":\"SearchAction\",\"target\":\"https:\/\/prodigo.ch\/it\/?s={search_term_string}\",\"query-input\":\"required name=search_term_string\"}],\"inLanguage\":\"it-IT\"},{\"@type\":\"ImageObject\",\"@id\":\"https:\/\/prodigo.ch\/it\/about-switzerland\/#primaryimage\",\"inLanguage\":\"it-IT\",\"url\":\"https:\/\/prodigo.ch\/wp-content\/uploads\/2020\/02\/Prodigo-blanc-entour\\u00e9.png\",\"width\":1308,\"height\":1308},{\"@type\":\"WebPage\",\"@id\":\"https:\/\/prodigo.ch\/it\/about-switzerland\/#webpage\",\"url\":\"https:\/\/prodigo.ch\/it\/about-switzerland\/\",\"name\":\"[:en]About Switzerland[:de]\\u00fcber die Schweiz[:fr]Sur la Suisse[:nl]Over Zwitserland[:it]Sulla Svizzera[:] - Prodigo\",\"isPartOf\":{\"@id\":\"https:\/\/prodigo.ch\/it\/#website\"},\"primaryImageOfPage\":{\"@id\":\"https:\/\/prodigo.ch\/it\/about-switzerland\/#primaryimage\"},\"datePublished\":\"2020-02-20T11:40:59+00:00\",\"dateModified\":\"2020-05-07T09:30:07+00:00\",\"description\":\"Anchored in the heart of Europe without being part of the European Union, Switzerland is a small country in size, but it has many advantages.\",\"inLanguage\":\"it-IT\",\"potentialAction\":[{\"@type\":\"ReadAction\",\"target\":[\"https:\/\/prodigo.ch\/it\/about-switzerland\/\"]}]}]}<\/script>\n<!-- \/ Yoast SEO plugin. -->","_links":{"self":[{"href":"https:\/\/prodigo.ch\/it\/wp-json\/wp\/v2\/pages\/128","targetHints":{"allow":["GET"]}}],"collection":[{"href":"https:\/\/prodigo.ch\/it\/wp-json\/wp\/v2\/pages"}],"about":[{"href":"https:\/\/prodigo.ch\/it\/wp-json\/wp\/v2\/types\/page"}],"author":[{"embeddable":true,"href":"https:\/\/prodigo.ch\/it\/wp-json\/wp\/v2\/users\/1"}],"replies":[{"embeddable":true,"href":"https:\/\/prodigo.ch\/it\/wp-json\/wp\/v2\/comments?post=128"}],"version-history":[{"count":20,"href":"https:\/\/prodigo.ch\/it\/wp-json\/wp\/v2\/pages\/128\/revisions"}],"predecessor-version":[{"id":29082,"href":"https:\/\/prodigo.ch\/it\/wp-json\/wp\/v2\/pages\/128\/revisions\/29082"}],"wp:featuredmedia":[{"embeddable":true,"href":"https:\/\/prodigo.ch\/it\/wp-json\/wp\/v2\/media\/212"}],"wp:attachment":[{"href":"https:\/\/prodigo.ch\/it\/wp-json\/wp\/v2\/media?parent=128"}],"curies":[{"name":"wp","href":"https:\/\/api.w.org\/{rel}","templated":true}]}}