{"id":46,"date":"2020-02-15T05:28:05","date_gmt":"2020-02-15T05:28:05","guid":{"rendered":"http:\/\/adsli.com\/demo\/prodigo\/?page_id=46"},"modified":"2025-06-23T10:34:21","modified_gmt":"2025-06-23T08:34:21","slug":"about-us","status":"publish","type":"page","link":"https:\/\/prodigo.ch\/it\/about-us\/","title":{"rendered":"Su Prodigo"},"content":{"rendered":"<p><\/p>\n<p style=\"text-align: justify;\">Prodigo \u00e8 una societ\u00e0 di consulenza che supporta le firme nello sviluppo delle loro attivit\u00e0 sul mercato svizzero. Forniamo informazioni di mercato (studio di mercato, viaggio di studio di mercato, analisi delle esigenze legale e normative specifiche al mercato svizzero), contatti strategici (attraverso un programma di contatti personalizzato), supporto amministrativo locale (rappresentanza fiscale) o logistica (organizzazione di eventi, assistenza per la partecipazione a fiere).<!--more--><\/p>\n<p style=\"text-align: justify;\">Il potenziale del mercato svizzero offre molte opportunit\u00e0 commerciali alle societ\u00e0 straniere, ma \u00e8 necessario rimediare alle barriere tariffarie e non tariffarie, come le sue esigenze elevate in termini di qualit\u00e0 ed innovazione, differenze culturale e linguistiche, regole specifiche applicate ad alcuni prodotti o servizi.<\/p>\n<p style=\"text-align: center;\">Prodigo \u00e8 l\u00ec per supportarvi nelle vostre procedure amministrative e strategiche!<\/p>\n<p style=\"text-align: justify;\">Prodigo si impegna ad approfondire la comprensione del vostro settore di attivit\u00e0 e ad agire come il vostre partner locale. Vi sosteniamo nella definizione congiunta di tutti i servizi che soddisfano al meglio le vostre esigenze.<\/p>\n<p style=\"text-align: justify;\">Le nostre competenze di consulenza sono concentrati sui settori ad alto valore aggiunto, come il commercio di alimenti e bevande, moda &amp; lifestyle, prodotti e servizi per le industrie avanzate ad alta tecnologia (farmaceutica, chimica, meccanica di precisione) o ancora per le soluzioni durevoli (energie rinnovabili, materiali riciclabili).<\/p>\n<p style=\"text-align: justify;\">Dai nostri uffici a Zurigo ed a Neuch\u00e2tel, e con le nostre competenze linguistiche diverse, siamo in grado di coprire tutta la Svizzera. Grazie alla nostra esperienza nella promozione economica e nella gestione di firm\u00e0, conosciamo bene il mondo svizzero degli affari e delle societ\u00e0 straniere che desiderano esportare in Svizzera.<\/p>\n<p style=\"text-align: center;\"><a href=\"https:\/\/prodigo.ch\/wp-content\/uploads\/2020\/09\/Flyer-Prodigo-IT.pdf\">Flyer Prodigo IT<\/a><\/p>\n<p style=\"text-align: justify;\">Prodigo ha creato una vasta rete composta da attori economici, privati \u200b\u200be pubblici, non solo in Svizzera, ma anche in molti paesi europei. In effetti, siamo stati in grado di organizzare un numero significativo di webinar professionali, in particolare in Slovenia (con la <a href=\"https:\/\/eng.gzs.si\/\" target=\"_blank\" rel=\"noopener\">Chamber of Commerce and Industry of Slovenia<\/a>), in Lituania (con la <a href=\"https:\/\/chamber.lt\/en\/\" target=\"_blank\" rel=\"noopener\">Kaunas Chamber of Commerce, Industry and Crafts<\/a>), in Estonia (con la <a href=\"https:\/\/www.koda.ee\/en\" target=\"_blank\" rel=\"noopener\">Estonian Chamber of Commerce and Industry<\/a>), in Norvegia (con la <a href=\"https:\/\/chamber.no\/\" target=\"_blank\" rel=\"noopener\">Oslo Chamber of Commerce<\/a>), in Finlandia (con la <a href=\"https:\/\/handelskammer-fin.ch\/\" target=\"_blank\" rel=\"noopener\">Chamber of Commerce Finland-Switzerland<\/a>), in Slovacchia (con la <a href=\"https:\/\/www.sario.sk\/en\" target=\"_blank\" rel=\"noopener\">Slovak Investment and Trade Development Agency SARIO<\/a>), nel Regno Unito (con la firma <a href=\"https:\/\/goexporting.com\/\" target=\"_blank\" rel=\"noopener\">Go Exporting Ltd<\/a>), con la Croazia (con la <a href=\"https:\/\/investincroatia.hr\/\" target=\"_blank\" rel=\"noopener\">Croatian Chamber of Economy<\/a>) e in Belgio (con le Camere di commercio VOKA a <a href=\"https:\/\/www.voka.be\/oost-vlaanderen\" target=\"_blank\" rel=\"noopener\">Gand<\/a>, a <a href=\"https:\/\/www.voka.be\/mechelen-kempen\" target=\"_blank\" rel=\"noopener\">Geel<\/a> e a <a href=\"https:\/\/www.voka.be\/west-vlaanderen\" target=\"_blank\" rel=\"noopener\">Bruges<\/a>).<\/p>\n<p style=\"text-align: justify;\">Prodigo \u00e8 inoltre orgogliosa di essere membro e partner della seguente associazione :<\/p>\n<p><a href=\"https:\/\/cee.swiss\/\" target=\"_blank\" rel=\"noopener\"><img loading=\"lazy\" decoding=\"async\" class=\"alignnone wp-image-29425 \" src=\"https:\/\/prodigo.ch\/wp-content\/uploads\/2022\/02\/SEC-1024x154.jpg\" alt=\"\" width=\"540\" height=\"81\" srcset=\"https:\/\/prodigo.ch\/wp-content\/uploads\/2022\/02\/SEC-1024x154.jpg 1024w, https:\/\/prodigo.ch\/wp-content\/uploads\/2022\/02\/SEC-300x45.jpg 300w, https:\/\/prodigo.ch\/wp-content\/uploads\/2022\/02\/SEC-768x115.jpg 768w, https:\/\/prodigo.ch\/wp-content\/uploads\/2022\/02\/SEC-1536x231.jpg 1536w, https:\/\/prodigo.ch\/wp-content\/uploads\/2022\/02\/SEC-2048x308.jpg 2048w\" sizes=\"auto, (max-width: 540px) 100vw, 540px\" \/><\/a><\/p>","protected":false},"excerpt":{"rendered":"<p>Ci spiace, ma questo articolo \u00e8 disponibile soltanto in EN.<\/p>\n","protected":false},"author":1,"featured_media":29401,"parent":0,"menu_order":0,"comment_status":"closed","ping_status":"closed","template":"PT_About.php","meta":{"footnotes":""},"class_list":["post-46","page","type-page","status-publish","has-post-thumbnail","hentry"],"yoast_head":"<!-- This site is optimized with the Yoast SEO plugin v14.1 - https:\/\/yoast.com\/wordpress\/plugins\/seo\/ -->\n<title>Su Prodigo - Prodigo<\/title>\n<meta name=\"robots\" content=\"index, follow\" \/>\n<meta name=\"googlebot\" content=\"index, follow, max-snippet:-1, max-image-preview:large, max-video-preview:-1\" \/>\n<meta name=\"bingbot\" content=\"index, follow, max-snippet:-1, max-image-preview:large, max-video-preview:-1\" \/>\n<link rel=\"canonical\" href=\"https:\/\/prodigo.ch\/about-us\/\" \/>\n<meta property=\"og:locale\" content=\"it_IT\" \/>\n<meta property=\"og:type\" content=\"article\" \/>\n<meta property=\"og:title\" content=\"[:en]About us[:de]\u00fcber uns[:fr]\u00e0 propos[:nl]Over Ons[:it]Su Prodigo[:] - Prodigo\" \/>\n<meta property=\"og:description\" content=\"Ci spiace, ma questo articolo \u00e8 disponibile soltanto in EN.\" \/>\n<meta property=\"og:url\" content=\"https:\/\/prodigo.ch\/about-us\/\" \/>\n<meta property=\"og:site_name\" content=\"Prodigo\" \/>\n<meta property=\"article:modified_time\" content=\"2025-06-23T08:34:21+00:00\" \/>\n<meta property=\"og:image\" content=\"https:\/\/prodigo.ch\/wp-content\/uploads\/2021\/07\/about.png\" \/>\n\t<meta property=\"og:image:width\" content=\"488\" \/>\n\t<meta property=\"og:image:height\" content=\"488\" \/>\n<meta name=\"twitter:card\" content=\"summary_large_image\" \/>\n<script type=\"application\/ld+json\" class=\"yoast-schema-graph\">{\"@context\":\"https:\/\/schema.org\",\"@graph\":[{\"@type\":\"Organization\",\"@id\":\"https:\/\/prodigo.ch\/it\/#organization\",\"name\":\"Prodigo\",\"url\":\"https:\/\/prodigo.ch\/it\/\",\"sameAs\":[\"https:\/\/www.linkedin.com\/company\/37058592\"],\"logo\":{\"@type\":\"ImageObject\",\"@id\":\"https:\/\/prodigo.ch\/it\/#logo\",\"inLanguage\":\"it-IT\",\"url\":\"https:\/\/prodigo.ch\/wp-content\/uploads\/2020\/02\/cropped-PRODIGO_monogramme_negatif_RVB-1.png\",\"width\":512,\"height\":512,\"caption\":\"Prodigo\"},\"image\":{\"@id\":\"https:\/\/prodigo.ch\/it\/#logo\"}},{\"@type\":\"WebSite\",\"@id\":\"https:\/\/prodigo.ch\/it\/#website\",\"url\":\"https:\/\/prodigo.ch\/it\/\",\"name\":\"Prodigo\",\"description\":\"Your Business strategy partner on the Swiss market\",\"publisher\":{\"@id\":\"https:\/\/prodigo.ch\/it\/#organization\"},\"potentialAction\":[{\"@type\":\"SearchAction\",\"target\":\"https:\/\/prodigo.ch\/it\/?s={search_term_string}\",\"query-input\":\"required name=search_term_string\"}],\"inLanguage\":\"it-IT\"},{\"@type\":\"ImageObject\",\"@id\":\"https:\/\/prodigo.ch\/about-us\/#primaryimage\",\"inLanguage\":\"it-IT\",\"url\":\"https:\/\/prodigo.ch\/wp-content\/uploads\/2021\/07\/about.png\",\"width\":488,\"height\":488},{\"@type\":\"WebPage\",\"@id\":\"https:\/\/prodigo.ch\/about-us\/#webpage\",\"url\":\"https:\/\/prodigo.ch\/about-us\/\",\"name\":\"[:en]About us[:de]\\u00fcber uns[:fr]\\u00e0 propos[:nl]Over Ons[:it]Su Prodigo[:] - Prodigo\",\"isPartOf\":{\"@id\":\"https:\/\/prodigo.ch\/it\/#website\"},\"primaryImageOfPage\":{\"@id\":\"https:\/\/prodigo.ch\/about-us\/#primaryimage\"},\"datePublished\":\"2020-02-15T05:28:05+00:00\",\"dateModified\":\"2025-06-23T08:34:21+00:00\",\"inLanguage\":\"it-IT\",\"potentialAction\":[{\"@type\":\"ReadAction\",\"target\":[\"https:\/\/prodigo.ch\/about-us\/\"]}]}]}<\/script>\n<!-- \/ Yoast SEO plugin. -->","_links":{"self":[{"href":"https:\/\/prodigo.ch\/it\/wp-json\/wp\/v2\/pages\/46","targetHints":{"allow":["GET"]}}],"collection":[{"href":"https:\/\/prodigo.ch\/it\/wp-json\/wp\/v2\/pages"}],"about":[{"href":"https:\/\/prodigo.ch\/it\/wp-json\/wp\/v2\/types\/page"}],"author":[{"embeddable":true,"href":"https:\/\/prodigo.ch\/it\/wp-json\/wp\/v2\/users\/1"}],"replies":[{"embeddable":true,"href":"https:\/\/prodigo.ch\/it\/wp-json\/wp\/v2\/comments?post=46"}],"version-history":[{"count":59,"href":"https:\/\/prodigo.ch\/it\/wp-json\/wp\/v2\/pages\/46\/revisions"}],"predecessor-version":[{"id":29584,"href":"https:\/\/prodigo.ch\/it\/wp-json\/wp\/v2\/pages\/46\/revisions\/29584"}],"wp:featuredmedia":[{"embeddable":true,"href":"https:\/\/prodigo.ch\/it\/wp-json\/wp\/v2\/media\/29401"}],"wp:attachment":[{"href":"https:\/\/prodigo.ch\/it\/wp-json\/wp\/v2\/media?parent=46"}],"curies":[{"name":"wp","href":"https:\/\/api.w.org\/{rel}","templated":true}]}}